{"id":4309,"date":"2016-09-29T14:11:49","date_gmt":"2016-09-29T13:11:49","guid":{"rendered":"http:\/\/www.razmilic.nl\/blog\/?page_id=4309"},"modified":"2017-05-30T05:52:40","modified_gmt":"2017-05-30T08:52:40","slug":"los-razmilic-y-sus-descendientes","status":"publish","type":"page","link":"https:\/\/www.razmilic.nl\/blog\/los-razmilic-y-sus-descendientes\/","title":{"rendered":"Fam Razmilic"},"content":{"rendered":"<p><a href=\"https:\/\/www.razmilic.nl\/blog\/wp-content\/uploads\/2016\/09\/cropped-razmilicfondocelestepelican.gif\"><br \/>\n<\/a>La saga Razmili\u0106<\/p>\n<p>La familia viene de Croacia, de la isla de Bra\u010d, Supetar.<\/p>\n<p><a href=\"https:\/\/www.razmilic.nl\/blog\/wp-content\/uploads\/2015\/03\/croatia.jpeg\"><img loading=\"lazy\" decoding=\"async\" class=\"alignnone size-full wp-image-4299\" src=\"https:\/\/www.razmilic.nl\/blog\/wp-content\/uploads\/2015\/03\/croatia.jpeg\" alt=\"croatia\" width=\"244\" height=\"180\" \/><\/a><\/p>\n<p>Supetar<\/p>\n<p><a href=\"https:\/\/www.razmilic.nl\/blog\/wp-content\/uploads\/2015\/03\/supetar-brac-007-1359033423.jpg\"><img loading=\"lazy\" decoding=\"async\" class=\"alignnone size-medium wp-image-4296\" src=\"https:\/\/www.razmilic.nl\/blog\/wp-content\/uploads\/2015\/03\/supetar-brac-007-1359033423-300x188.jpg\" alt=\"supetar-brac-007-1359033423\" width=\"300\" height=\"188\" srcset=\"https:\/\/www.razmilic.nl\/blog\/wp-content\/uploads\/2015\/03\/supetar-brac-007-1359033423-300x188.jpg 300w, https:\/\/www.razmilic.nl\/blog\/wp-content\/uploads\/2015\/03\/supetar-brac-007-1359033423.jpg 730w\" sizes=\"auto, (max-width: 300px) 100vw, 300px\" \/><\/a><\/p>\n<p>Conocemos tres ramas en que los Razmili\u0107 que creemos son primos(hermanos) entre s\u00ed.<\/p>\n<p>1. Los <a href=\"http:\/\/www.razmilic.nl\/razmilicradmilovic\/RazmilicRadmilovic.php\" target=\"_blank\" rel=\"noopener noreferrer\">RazmilicRadmilovic<\/a> El bisabuelo Zanante (Juan Antonio)<br \/>\nten\u00eda s\u00f3lo hermanas, no se nada de ellas. Casi toda la descendencia de \u00e9l lleg\u00f3 al Norte de Chile.<\/p>\n<p>2. Los <a href=\"http:\/\/www.razmilic.nl\/RazmilicKulinbat\/Kulinbat.php\" target=\"_blank\" rel=\"noopener noreferrer\"><b>Razmili\u0107 Kolimbatovi\u0107(o Kulinbat)<\/b><\/a> Dos Razmili\u0107 hermanos casaron con las hermanas Kolimbatovi\u0107 (el nombre est\u00e1 cambiado a Kulinbat en Sud Am\u00e9rica), por eso la repetici\u00f3n de nombres:<br \/>\n&#8211; Los Razmili\u0107 Kolimbatovi\u0107 (o Kulinbat)(1). De este matrimonio hay descendencia en Croacia, Argentina y Chile<br \/>\n&#8211; Los Razmili\u0107 Kolimbatovi\u0107 (o Kulinbat)(2). De este matrimonio es hijo Nicol\u00e1s abuelo de los descendientens en Punta Arenas<\/p>\n<p>3. Los <a href=\"http:\/\/www.razmilic.nl\/razmiliccroacia\/RazmilicCroacia.php\" target=\"_blank\" rel=\"noopener noreferrer\"><b>Razmili\u0107 en Croacia<\/b><\/a>. Algunos son descendientes de Nikola Razmili\u0107 (hijo de Iv\u00e1n casado con Madalena Kolimbatovic) y otros son descendientes de un primo hermano de Nikola, Ante Razmili\u0107. Ahora creo que \u00e9stos dos eran primos hermanos del bisabuelo Zanante (Razmili\u0107 Radmilovi\u0107), pero no tengo nada seguro. Sigo indagando.<\/p>\n","protected":false},"excerpt":{"rendered":"<p>La saga Razmili\u0106 La familia viene de Croacia, de la isla de Bra\u010d, Supetar. Supetar Conocemos tres ramas&hellip;<\/p>\n","protected":false},"author":1,"featured_media":0,"parent":0,"menu_order":1,"comment_status":"closed","ping_status":"closed","template":"","meta":{"footnotes":""},"class_list":["post-4309","page","type-page","status-publish","hentry"],"_links":{"self":[{"href":"https:\/\/www.razmilic.nl\/blog\/wp-json\/wp\/v2\/pages\/4309","targetHints":{"allow":["GET"]}}],"collection":[{"href":"https:\/\/www.razmilic.nl\/blog\/wp-json\/wp\/v2\/pages"}],"about":[{"href":"https:\/\/www.razmilic.nl\/blog\/wp-json\/wp\/v2\/types\/page"}],"author":[{"embeddable":true,"href":"https:\/\/www.razmilic.nl\/blog\/wp-json\/wp\/v2\/users\/1"}],"replies":[{"embeddable":true,"href":"https:\/\/www.razmilic.nl\/blog\/wp-json\/wp\/v2\/comments?post=4309"}],"version-history":[{"count":23,"href":"https:\/\/www.razmilic.nl\/blog\/wp-json\/wp\/v2\/pages\/4309\/revisions"}],"predecessor-version":[{"id":6290,"href":"https:\/\/www.razmilic.nl\/blog\/wp-json\/wp\/v2\/pages\/4309\/revisions\/6290"}],"wp:attachment":[{"href":"https:\/\/www.razmilic.nl\/blog\/wp-json\/wp\/v2\/media?parent=4309"}],"curies":[{"name":"wp","href":"https:\/\/api.w.org\/{rel}","templated":true}]}}